{"id":219,"date":"2021-01-29T18:31:29","date_gmt":"2021-01-29T17:31:29","guid":{"rendered":"http:\/\/barbara-faber.com\/?page_id=219"},"modified":"2021-02-04T09:51:33","modified_gmt":"2021-02-04T08:51:33","slug":"was-du-von-mir-bekommst","status":"publish","type":"page","link":"http:\/\/barbara-faber.com\/?page_id=219","title":{"rendered":"Portfolio"},"content":{"rendered":"\n<h4 class=\"has-black-color has-text-color wp-block-heading\">Vielf\u00e4ltiges Wissen anwenden<\/h4>\n\n\n\n<p class=\"has-black-color has-text-color\">Ich arbeite, wie ich bin und lebe das Konzept der Vielfalt. Ich nutze das Wissen Jahrtausend alter Yogatraditionen sowie modernste medizinische Techniken in meiner Praxis und lege Wert auf anatomisch korrekte und achtsame Ausf\u00fchrung. Dadurch stellen sich schnell Erfolge bei meinen Klienten ein, sowohl physisch als auch mental. Mein Konzept richtet sich an alle Menschen jeden Alters und jeder Konstitution. Angebot: <\/p>\n\n\n\n<p><br>Yogatherapie (Medical Yoga, therapeutisches Yoga)<br>Nadi-Muskeltherapie (Triggerpunktbehandlung, Schmerztherapie)<br>YIN Yoga (langsam, leicht, entschleunigend)<br>Hatha Yoga (kraftvoll, k\u00f6rperliche Aufrichtung)<br>Hormonyoga (Wechseljahre, Schwangerschaft)<br>Vinyasa Krama (lernen, Atmung und Bewegung zu vereinen)<br>Spiraldynamik (k\u00f6rperliches Aufrichteprinzip)<br>Fitness und Gymnastik<br>Faszientraining (Faszienrollen und -b\u00e4lle)<br>Meditation<br>Chakrenlehre<br>Atemlehre (Pranayama)<br>Ern\u00e4hrung (Ayurveda)<\/p>\n\n\n\n<p><strong>Im Einzelunterricht:<\/strong> ausf\u00fchrliche Anamnese und ausgearbeiteter Therapieplan, der gemeinsam umgesetzt und begleitet wird.<\/p>\n\n\n\n<p><br><\/p>\n","protected":false},"excerpt":{"rendered":"<p>Vielf\u00e4ltiges Wissen anwenden Ich arbeite, wie ich bin und lebe das Konzept der Vielfalt. Ich nutze das Wissen Jahrtausend alter Yogatraditionen sowie modernste medizinische Techniken in meiner Praxis und lege Wert auf anatomisch korrekte und achtsame Ausf\u00fchrung. Dadurch stellen sich schnell Erfolge bei meinen Klienten ein, sowohl physisch als auch mental. Mein Konzept richtet sich an alle Menschen jeden Alters und jeder Konstitution. Angebot: Yogatherapie (Medical Yoga, therapeutisches Yoga)Nadi-Muskeltherapie (Triggerpunktbehandlung, Schmerztherapie)YIN Yoga (langsam, leicht, entschleunigend)Hatha Yoga (kraftvoll, k\u00f6rperliche Aufrichtung)Hormonyoga (Wechseljahre, Schwangerschaft)Vinyasa Krama (lernen, Atmung und Bewegung zu vereinen)Spiraldynamik (k\u00f6rperliches Aufrichteprinzip)Fitness und GymnastikFaszientraining (Faszienrollen und -b\u00e4lle)MeditationChakrenlehreAtemlehre (Pranayama)Ern\u00e4hrung (Ayurveda) Im Einzelunterricht: ausf\u00fchrliche Anamnese und ausgearbeiteter Therapieplan, der gemeinsam umgesetzt und begleitet wird.<\/p>\n","protected":false},"author":1,"featured_media":0,"parent":0,"menu_order":0,"comment_status":"closed","ping_status":"closed","template":"","meta":{"footnotes":""},"class_list":["post-219","page","type-page","status-publish","hentry"],"_links":{"self":[{"href":"http:\/\/barbara-faber.com\/index.php?rest_route=\/wp\/v2\/pages\/219","targetHints":{"allow":["GET"]}}],"collection":[{"href":"http:\/\/barbara-faber.com\/index.php?rest_route=\/wp\/v2\/pages"}],"about":[{"href":"http:\/\/barbara-faber.com\/index.php?rest_route=\/wp\/v2\/types\/page"}],"author":[{"embeddable":true,"href":"http:\/\/barbara-faber.com\/index.php?rest_route=\/wp\/v2\/users\/1"}],"replies":[{"embeddable":true,"href":"http:\/\/barbara-faber.com\/index.php?rest_route=%2Fwp%2Fv2%2Fcomments&post=219"}],"version-history":[{"count":15,"href":"http:\/\/barbara-faber.com\/index.php?rest_route=\/wp\/v2\/pages\/219\/revisions"}],"predecessor-version":[{"id":515,"href":"http:\/\/barbara-faber.com\/index.php?rest_route=\/wp\/v2\/pages\/219\/revisions\/515"}],"wp:attachment":[{"href":"http:\/\/barbara-faber.com\/index.php?rest_route=%2Fwp%2Fv2%2Fmedia&parent=219"}],"curies":[{"name":"wp","href":"https:\/\/api.w.org\/{rel}","templated":true}]}}