{"id":221,"date":"2021-01-29T18:32:02","date_gmt":"2021-01-29T17:32:02","guid":{"rendered":"http:\/\/barbara-faber.com\/?page_id=221"},"modified":"2021-02-01T16:33:26","modified_gmt":"2021-02-01T15:33:26","slug":"wer-sind-meine-vorbilder","status":"publish","type":"page","link":"http:\/\/barbara-faber.com\/?page_id=221","title":{"rendered":"Meine Lehrer"},"content":{"rendered":"\n<h4 class=\"wp-block-heading\">Ich m\u00f6chte Dir meine Vorbilder vorstellen.<\/h4>\n\n\n\n<p>Der Vater des modernen Yoga <strong>T. Krishnamacharya<\/strong>.<br>Sein Sch\u00fcler und einer der gr\u00f6\u00dften Legenden<strong> B.K.S Iyenga<\/strong>r.<br>Der gro\u00dfe ehrenwerte Arzt und<strong> Swami<\/strong> (Meister) <strong>Sivananda Saraswati<\/strong>.<br><strong>Dinah Rodrigues<\/strong>, die &#8222;Chefin&#8220; des Hormonyoga.<br>Meine sehr verehrten Lehrer <strong>Remo Rittiner<\/strong> (Sch\u00fcler des indischen Yogameisters A. Mohan, P\u00e4dagoge, Yogatherapeut, Gr\u00fcnder des Ayur Yoga Center Schweiz ) und <strong>Christoph Kraft<\/strong> (Yogatherapeut, Yogalehrer, HP, verbrachte viel Zeit mit Yoga und Meditation in Indien).<\/p>\n\n\n\n<p class=\"has-text-align-center\"><br><strong>Danke, dass Ihr uns diesen gro\u00dfen wertvollen Wissensschatz<\/strong> <strong>vererbt<\/strong>. <\/p>\n\n\n\n<figure class=\"wp-block-pullquote\"><blockquote><p>Tradition<\/p><p>Moderne<\/p><p>Werte<\/p><\/blockquote><\/figure>\n","protected":false},"excerpt":{"rendered":"<p>Ich m\u00f6chte Dir meine Vorbilder vorstellen. Der Vater des modernen Yoga T. Krishnamacharya.Sein Sch\u00fcler und einer der gr\u00f6\u00dften Legenden B.K.S Iyengar.Der gro\u00dfe ehrenwerte Arzt und Swami (Meister) Sivananda Saraswati.Dinah Rodrigues, die &#8222;Chefin&#8220; des Hormonyoga.Meine sehr verehrten Lehrer Remo Rittiner (Sch\u00fcler des indischen Yogameisters A. Mohan, P\u00e4dagoge, Yogatherapeut, Gr\u00fcnder des Ayur Yoga Center Schweiz ) und Christoph Kraft (Yogatherapeut, Yogalehrer, HP, verbrachte viel Zeit mit Yoga und Meditation in Indien). Danke, dass Ihr uns diesen gro\u00dfen wertvollen Wissensschatz vererbt. Tradition Moderne Werte<\/p>\n","protected":false},"author":1,"featured_media":0,"parent":0,"menu_order":0,"comment_status":"closed","ping_status":"closed","template":"","meta":{"footnotes":""},"class_list":["post-221","page","type-page","status-publish","hentry"],"_links":{"self":[{"href":"http:\/\/barbara-faber.com\/index.php?rest_route=\/wp\/v2\/pages\/221","targetHints":{"allow":["GET"]}}],"collection":[{"href":"http:\/\/barbara-faber.com\/index.php?rest_route=\/wp\/v2\/pages"}],"about":[{"href":"http:\/\/barbara-faber.com\/index.php?rest_route=\/wp\/v2\/types\/page"}],"author":[{"embeddable":true,"href":"http:\/\/barbara-faber.com\/index.php?rest_route=\/wp\/v2\/users\/1"}],"replies":[{"embeddable":true,"href":"http:\/\/barbara-faber.com\/index.php?rest_route=%2Fwp%2Fv2%2Fcomments&post=221"}],"version-history":[{"count":10,"href":"http:\/\/barbara-faber.com\/index.php?rest_route=\/wp\/v2\/pages\/221\/revisions"}],"predecessor-version":[{"id":408,"href":"http:\/\/barbara-faber.com\/index.php?rest_route=\/wp\/v2\/pages\/221\/revisions\/408"}],"wp:attachment":[{"href":"http:\/\/barbara-faber.com\/index.php?rest_route=%2Fwp%2Fv2%2Fmedia&parent=221"}],"curies":[{"name":"wp","href":"https:\/\/api.w.org\/{rel}","templated":true}]}}