{"id":341,"date":"2021-01-31T18:49:37","date_gmt":"2021-01-31T17:49:37","guid":{"rendered":"http:\/\/barbara-faber.com\/?page_id=341"},"modified":"2021-02-02T17:59:31","modified_gmt":"2021-02-02T16:59:31","slug":"ayuryoga-therapie","status":"publish","type":"page","link":"http:\/\/barbara-faber.com\/?page_id=341","title":{"rendered":"Ayuryoga &#8211; Therapie"},"content":{"rendered":"\n<h4 class=\"wp-block-heading\"><strong>Was ist Ayuryoga?<\/strong><\/h4>\n\n\n\n<p>In der Yogatherapie wird die Yogapraxis individuell an die Bed\u00fcrfnisse des einzelnen Menschen angepasst. Je nach Alter, Konstitution, Gesundheitszustand und Lebenssituation. Es geht darum zu erkennen, welche Ursachen zu Krankheiten gef\u00fchrt haben, wie z.B. Stress, falsche Gewohnheiten, einseitige sportliche Bewegungen, Traumata.<br>Durch den Einsatz von Nadi-Muskeltherapie, vielseitigen \u00dcbungen f\u00fcr den K\u00f6rper und den Geist &#8211; verbunden mit Atem- und Entspannungstechniken &#8211; gelangt man zu Ruhe, Kraft und Klarheit. <\/p>\n\n\n\n<p>Im Ayuryoga wird <strong>traditioneller Yoga<\/strong> mit <strong>modernem Wissen <\/strong>der <strong>Anatomie<\/strong> verbunden. Es wird dabei auf eine anatomisch korrekte Aus- und Aufrichtung geachtet (<strong>Medical Yoga<\/strong>). <\/p>\n\n\n\n<figure class=\"wp-block-pullquote\"><blockquote><p>Nach Bedarf<\/p><p>Nach Konstitution<\/p><p>Individuell angepasst<\/p><\/blockquote><\/figure>\n","protected":false},"excerpt":{"rendered":"<p>Was ist Ayuryoga? In der Yogatherapie wird die Yogapraxis individuell an die Bed\u00fcrfnisse des einzelnen Menschen angepasst. Je nach Alter, Konstitution, Gesundheitszustand und Lebenssituation. Es geht darum zu erkennen, welche Ursachen zu Krankheiten gef\u00fchrt haben, wie z.B. Stress, falsche Gewohnheiten, einseitige sportliche Bewegungen, Traumata.Durch den Einsatz von Nadi-Muskeltherapie, vielseitigen \u00dcbungen f\u00fcr den K\u00f6rper und den Geist &#8211; verbunden mit Atem- und Entspannungstechniken &#8211; gelangt man zu Ruhe, Kraft und Klarheit. Im Ayuryoga wird traditioneller Yoga mit modernem Wissen der Anatomie verbunden. Es wird dabei auf eine anatomisch korrekte Aus- und Aufrichtung geachtet (Medical Yoga). Nach Bedarf Nach Konstitution Individuell angepasst<\/p>\n","protected":false},"author":1,"featured_media":0,"parent":0,"menu_order":3,"comment_status":"closed","ping_status":"closed","template":"elementor_theme","meta":{"footnotes":""},"class_list":["post-341","page","type-page","status-publish","hentry"],"_links":{"self":[{"href":"http:\/\/barbara-faber.com\/index.php?rest_route=\/wp\/v2\/pages\/341","targetHints":{"allow":["GET"]}}],"collection":[{"href":"http:\/\/barbara-faber.com\/index.php?rest_route=\/wp\/v2\/pages"}],"about":[{"href":"http:\/\/barbara-faber.com\/index.php?rest_route=\/wp\/v2\/types\/page"}],"author":[{"embeddable":true,"href":"http:\/\/barbara-faber.com\/index.php?rest_route=\/wp\/v2\/users\/1"}],"replies":[{"embeddable":true,"href":"http:\/\/barbara-faber.com\/index.php?rest_route=%2Fwp%2Fv2%2Fcomments&post=341"}],"version-history":[{"count":10,"href":"http:\/\/barbara-faber.com\/index.php?rest_route=\/wp\/v2\/pages\/341\/revisions"}],"predecessor-version":[{"id":400,"href":"http:\/\/barbara-faber.com\/index.php?rest_route=\/wp\/v2\/pages\/341\/revisions\/400"}],"wp:attachment":[{"href":"http:\/\/barbara-faber.com\/index.php?rest_route=%2Fwp%2Fv2%2Fmedia&parent=341"}],"curies":[{"name":"wp","href":"https:\/\/api.w.org\/{rel}","templated":true}]}}